{"id":36,"date":"2017-02-16T09:13:19","date_gmt":"2017-02-16T08:13:19","guid":{"rendered":"http:\/\/mxajfmgl.preview.infomaniak.website\/?page_id=36"},"modified":"2026-03-31T15:26:23","modified_gmt":"2026-03-31T13:26:23","slug":"home","status":"publish","type":"page","link":"https:\/\/ywamgeneva.com\/fr\/","title":{"rendered":"HOME"},"content":{"rendered":"<div class=\"et_pb_section_0 et_pb_section et_pb_fullwidth_section et_section_regular et_block_section\"><div class=\"et_pb_fullwidth_image_0 et_pb_fullwidth_image et_pb_module\"><img loading=\"lazy\" decoding=\"async\" src=\"https:\/\/ywamgeneva.com\/wp-content\/uploads\/2024\/12\/Homepage_F.jpg\" width=\"2000\" height=\"700\" srcset=\"https:\/\/ywamgeneva.com\/wp-content\/uploads\/2024\/12\/Homepage_F.jpg 2000w, https:\/\/ywamgeneva.com\/wp-content\/uploads\/2024\/12\/Homepage_F-1280x448.jpg 1280w, https:\/\/ywamgeneva.com\/wp-content\/uploads\/2024\/12\/Homepage_F-980x343.jpg 980w, https:\/\/ywamgeneva.com\/wp-content\/uploads\/2024\/12\/Homepage_F-480x168.jpg 480w\" sizes=\"(min-width: 0px) and (max-width: 480px) 480px, (min-width: 481px) and (max-width: 980px) 980px, (min-width: 981px) and (max-width: 1280px) 1280px, (min-width: 1281px) 2000px, 100vw\" class=\"wp-image-29308\" title=\"Homepage_F\" \/><\/div><\/div><div class=\"et_pb_section_1 et_pb_section et_pb_fullwidth_section et_section_regular et_block_section\"><div class=\"et_pb_fullwidth_image_1 et_pb_fullwidth_image et_pb_module\"><img loading=\"lazy\" decoding=\"async\" src=\"https:\/\/ywamgeneva.com\/wp-content\/uploads\/2024\/12\/Phone_FR.jpg\" width=\"1080\" height=\"1920\" srcset=\"https:\/\/ywamgeneva.com\/wp-content\/uploads\/2024\/12\/Phone_FR.jpg 1080w, https:\/\/ywamgeneva.com\/wp-content\/uploads\/2024\/12\/Phone_FR-980x1742.jpg 980w, https:\/\/ywamgeneva.com\/wp-content\/uploads\/2024\/12\/Phone_FR-480x853.jpg 480w\" sizes=\"(min-width: 0px) and (max-width: 480px) 480px, (min-width: 481px) and (max-width: 980px) 980px, (min-width: 981px) 1080px, 100vw\" class=\"wp-image-29311\" title=\"Title - 1\" \/><\/div><\/div><div class=\"et_pb_section_2 et_pb_section et_section_regular et_block_section\" id=\"about\"><div class=\"et_pb_row_0 et_pb_row et_block_row\"><div class=\"et_pb_column_0 et_pb_column et_pb_column_4_4 et-last-child et_block_column et_pb_css_mix_blend_mode_passthrough\"><div class=\"et_pb_text_0 et_pb_text et_pb_bg_layout_light et_pb_module et_block_module et_pb_text_align_center\"><div class=\"et_pb_text_inner\"><h1 style=\"text-align: left;\"><\/h1>\n<p style=\"text-align: left;\"><strong>Dieu aime Gen\u00e8ve<\/strong>\u00a0et il veut faire conna\u00eetre son amour \u00e0 ses enfants. Nous d\u00e9sirons que chaque individu connaisse cet amour, soit r\u00e9concili\u00e9 avec le P\u00e8re et grandisse dans la connaissance de Dieu et de sa Parole. C\u2019est pourquoi nous voulons <strong>conna\u00eetre Dieu et le faire conna\u00eetre<\/strong> \u00e0 Gen\u00e8ve. Nous croyons que tout d\u00e9pend de notre proximit\u00e9 avec Dieu. C\u2019est de notre intimit\u00e9 avec lui que d\u00e9coule les fruits dans notre vie et dans notre travail. Avant de le faire conna\u00eetre, nous devons le conna\u00eetre pour nous-m\u00eames. Et plus nous apprenons \u00e0 le conna\u00eetre plus nous avons envie de le faire conna\u00eetre \u00e0 ceux qui nous entourent.<\/p>\n<\/div><\/div><\/div><\/div><div class=\"et_pb_row_1 et_pb_row et_pb_gutters2 et_block_row\"><div class=\"et_pb_column_1 et_pb_column et_pb_column_4_4 et-last-child et_block_column et_pb_css_mix_blend_mode_passthrough\"><div class=\"et_pb_video_0 et_pb_video et_pb_module et_block_module\"><div class=\"et_pb_video_box\"><iframe loading=\"lazy\" title=\"What is YWAM? | Youth With A Mission\" width=\"1080\" height=\"608\" src=\"https:\/\/www.youtube.com\/embed\/Uz0EesM-G04?feature=oembed\"  allow=\"accelerometer; autoplay; clipboard-write; encrypted-media; gyroscope; picture-in-picture; web-share\" referrerpolicy=\"strict-origin-when-cross-origin\" allowfullscreen><\/iframe><\/div><\/div><\/div><\/div><div class=\"et_pb_row_2 et_pb_row et_block_row\"><div class=\"et_pb_column_2 et_pb_column et_pb_column_4_4 et-last-child et_block_column et_pb_css_mix_blend_mode_passthrough\"><div class=\"et_pb_text_1 et_pb_text et_pb_bg_layout_light et_pb_module et_block_module\"><div class=\"et_pb_text_inner\"><h2><b>GEN\u00c8VE, UNE VILLE D\u2019INFLUENCE<\/b><\/h2>\n<p>\u00c0 cause des d\u00e9cisions qui y sont prises, que cela soit \u00e0 l\u2019ONU, dans les entreprises de n\u00e9goce, les ONG ou les agences telles que l\u2019OMC, aucune ville au monde n\u2019a autant d\u2019influence que Gen\u00e8ve. C\u2019est une ville internationale avec plus de 50% d\u2019\u00e9trangers venant du monde entier, mais elle a surtout un h\u00e9ritage exceptionnel laiss\u00e9 par un homme d\u2019exception: Jean Calvin.<\/p>\n<p>Lui et ses coll\u00e8gues r\u00e9formateurs croyaient que la mise en pratique des principes bibliques pouvait transformer une nation. Ils ont pr\u00each\u00e9 la Parole chaque jour \u00e0 Gen\u00e8ve, et c\u2019est ainsi qu\u2019a d\u00e9but\u00e9 une r\u00e9forme dont les fruits sont encore visibles aujourd\u2019hui dans bien des nations de la Terre. Gen\u00e8ve a eu une telle influence dans le monde qu\u2019elle \u00e9tait commun\u00e9ment appel\u00e9e \u201cLa Rome protestante\u201d.<\/p>\n<\/div><\/div><\/div><\/div><div class=\"et_pb_row_3 et_pb_row et_block_row et_animated\"><div class=\"et_pb_column_3 et_pb_column et_pb_column_4_4 et-last-child et_block_column et_pb_css_mix_blend_mode_passthrough\"><div class=\"et_pb_text_2 et_pb_text et_pb_bg_layout_light et_pb_module et_block_module\"><div class=\"et_pb_text_inner\"><h2><span style=\"color: #ffffff;\"><b>NOTRE VISION<\/b><\/span><\/h2>\n<p><span style=\"color: #ffffff;\">Nous croyons que Dieu a appel\u00e9 Gen\u00e8ve \u00e0 enseigner les nations. Nous d\u00e9sirons nous joindre aux \u00e9glises locales pour apporter une transformation dans la ville qui atteindra le monde entier. C\u2019est pourquoi nous voulons avoir une communaut\u00e9 de JEMiens actifs dans toutes les sph\u00e8res de la soci\u00e9t\u00e9, pour enseigner et faire des disciples \u00e0 la lumi\u00e8re de la Parole de Dieu.<\/span><\/p>\n<\/div><\/div><\/div><\/div><div class=\"et_pb_row_4 et_pb_row et_block_row\"><div class=\"et_pb_column_4 et_pb_column et_pb_column_4_4 et-last-child et_block_column et_pb_css_mix_blend_mode_passthrough\"><div class=\"et_pb_text_3 et_pb_text et_pb_bg_layout_light et_pb_module et_block_module\"><div class=\"et_pb_text_inner\"><h1><strong>LES 3 PILIERS DE JEM-GEN\u00c8VE<\/strong><\/h1>\n<\/div><\/div><\/div><\/div><div class=\"et_pb_row_5 et_pb_row et_block_row\"><div class=\"et_pb_column_5 et_pb_column et_pb_column_1_3 et_block_column et_pb_css_mix_blend_mode_passthrough\"><div class=\"et_pb_image_0 et_pb_image et_pb_module et_block_module\"><span class=\"et_pb_image_wrap\"><img loading=\"lazy\" decoding=\"async\" src=\"https:\/\/ywamgeneva.com\/wp-content\/uploads\/2024\/12\/Bible.png\" width=\"150\" height=\"150\" srcset=\"https:\/\/ywamgeneva.com\/wp-content\/uploads\/2024\/12\/Bible.png 150w, https:\/\/ywamgeneva.com\/wp-content\/uploads\/2024\/12\/Bible-12x12.png 12w\" sizes=\"(max-width: 150px) 100vw, 150px\" class=\"wp-image-29320\" title=\"Bible\" \/><\/span><\/div><div class=\"et_pb_text_4 et_pb_text et_pb_bg_layout_light et_pb_module et_block_module\"><div class=\"et_pb_text_inner\"><h3><strong>PORTEUR DE SA PAROLE<\/strong><\/h3>\n<p>Nous croyons que la Bible est inspir\u00e9e de Dieu, et qu\u2019elle est pertinente pour notre monde aujourd\u2019hui encore. Au temps de la R\u00e9forme, la Parole \u00e9tait pr\u00each\u00e9e et enseign\u00e9e chaque jour, et nous pouvons encore en voir les fruits aujourd\u2019hui. C\u2019est pourquoi nous voulons permettre au plus grand nombre d\u2019\u00e9tudier la Bible, que cela soit au travers de notre Ecole d\u2019\u00e9tude inductive de la Bible (EIB) ou de nos diff\u00e9rents minist\u00e8res et s\u00e9minaires.<\/p>\n<\/div><\/div><\/div><div class=\"et_pb_column_6 et_pb_column et_pb_column_1_3 et_block_column et_pb_css_mix_blend_mode_passthrough\"><div class=\"et_pb_image_1 et_pb_image et_pb_module et_block_module\"><span class=\"et_pb_image_wrap\"><img loading=\"lazy\" decoding=\"async\" src=\"https:\/\/ywamgeneva.com\/wp-content\/uploads\/2024\/12\/Cross.png\" width=\"150\" height=\"150\" srcset=\"https:\/\/ywamgeneva.com\/wp-content\/uploads\/2024\/12\/Cross.png 150w, https:\/\/ywamgeneva.com\/wp-content\/uploads\/2024\/12\/Cross-12x12.png 12w\" sizes=\"(max-width: 150px) 100vw, 150px\" class=\"wp-image-29321\" title=\"Cross\" \/><\/span><\/div><div class=\"et_pb_text_5 et_pb_text et_pb_bg_layout_light et_pb_module et_block_module\"><div class=\"et_pb_text_inner\"><h3><strong>PORTEUR DE SA CROIX<\/strong><\/h3>\n<p>\u00catre porteur de sa croix, c\u2019est \u00eatre porteur d\u2019un message d\u2019esp\u00e9rance: J\u00e9sus est venu pour nous lib\u00e9rer et pour prendre nos fautes. En acceptant de mourir \u00e0 la croix, il nous a offert un chemin de r\u00e9conciliation avec notre P\u00e8re \u00e0 tous.\u2028Porter sa croix c\u2019est aussi accepter de le suivre l\u00e0 o\u00f9 il va, et \u00eatre pr\u00eat \u00e0 donner sa vie pour son prochain.<br \/>To carry His cross is also to follow Him wherever He goes, and to be ready to give our lives for our neighbor.<\/p>\n<\/div><\/div><\/div><div class=\"et_pb_column_7 et_pb_column et_pb_column_1_3 et-last-child et_block_column et_pb_css_mix_blend_mode_passthrough\"><div class=\"et_pb_image_2 et_pb_image et_pb_module et_block_module\"><span class=\"et_pb_image_wrap\"><img loading=\"lazy\" decoding=\"async\" src=\"https:\/\/ywamgeneva.com\/wp-content\/uploads\/2024\/12\/Flame.png\" width=\"150\" height=\"151\" srcset=\"https:\/\/ywamgeneva.com\/wp-content\/uploads\/2024\/12\/Flame.png 150w, https:\/\/ywamgeneva.com\/wp-content\/uploads\/2024\/12\/Flame-12x12.png 12w\" sizes=\"(max-width: 150px) 100vw, 150px\" class=\"wp-image-29322\" title=\"Flame\" \/><\/span><\/div><div class=\"et_pb_text_6 et_pb_text et_pb_bg_layout_light et_pb_module et_block_module\"><div class=\"et_pb_text_inner\"><h3><strong>PORTEUR DE SA PR\u00c9SENCE<\/strong><\/h3>\n<p>Nous croyons que l\u2019Esprit de Dieu vit en nous, et que les m\u00eames miracles qui ont accompagn\u00e9 J\u00e9sus doivent nous accompagner. J\u00e9sus a m\u00eame promis \u00e0 ses disciples \u00ab qu\u2019ils feraient de plus grandes choses que Lui \u00bb. Cette pr\u00e9sence divine qui vit en nous doit se voir, elle doit se manifester dans notre vie de tous les jours.<\/p>\n<\/div><\/div><\/div><\/div><\/div><div class=\"et_pb_section_3 et_pb_section et_section_regular et_block_section\"><div class=\"et_pb_row_6 et_pb_row et_block_row\"><div class=\"et_pb_column_8 et_pb_column et_pb_column_4_4 et-last-child et_block_column et_pb_css_mix_blend_mode_passthrough\"><div class=\"et_pb_text_7 et_pb_text et_pb_bg_layout_light et_pb_module et_block_module\"><div class=\"et_pb_text_inner\"><h2><span style=\"color: #ffffff;\"><b>CONTACTEZ-NOUS!<\/b><\/span><\/h2>\n<p><span style=\"color: #ffffff;\">Si tu aimerais te joindre \u00e0 nous dans notre travail \u00e0 Gen\u00e8ve, envoie-nous un message \u00e0 l\u2019aide du formulaire de contact, et nous te r\u00e9pondrons rapidement.<\/span><br \/><span style=\"color: #ffffff;\">\u2028Tu peux t\u2019impliquer avec nous pour quelques heures, quelques jours, ou quelques ann\u00e9es si Dieu t\u2019y appele.\u2028<\/span><br \/><span style=\"color: #ffffff;\">Si tu as l\u2019impression que Dieu a mis un projet sur ton coeur pour la r\u00e9gion de Gen\u00e8ve et les nations, parles-en nous !<\/span><\/p>\n<\/div><\/div><\/div><\/div><div class=\"et_pb_row_7 et_pb_row et_block_row\"><div class=\"et_pb_column_9 et_pb_column et_pb_column_4_4 et-last-child et_block_column et_pb_css_mix_blend_mode_passthrough\"><div class=\"et_pb_contact_form_0 et_pb_contact_form_container clearfix et_pb_module et_flex_module\" data-form_unique_num=\"0\" data-form_unique_id=\"f94a7033-6342-4b22-add4-98793c6f4fcd\" id=\"et_pb_contact_form_f94a7033-6342-4b22-add4-98793c6f4fcd\"><div class=\"et-pb-contact-message\"><\/div><div class=\"et_pb_contact\"><form class=\"et_pb_contact_form et_flex_module\" method=\"post\" action=\"https:\/\/ywamgeneva.com\/fr\/wp-json\/wp\/v2\/pages\/36\" data-trp-original-action=\"https:\/\/ywamgeneva.com\/fr\/wp-json\/wp\/v2\/pages\/36\"><div class=\"et_pb_contact_field_0 et_pb_contact_field et_pb_module et_flex_module et_flex_column_12_24 et_flex_column_12_24_tablet et_flex_column_12_24_phone\" data-id=\"name\" data-type=\"input\"><label class=\"et_pb_contact_form_label\" for=\"et_pb_contact_0_name_0\">Nom<\/label><input type=\"text\" name=\"et_pb_contact_0_name_0\" id=\"et_pb_contact_0_name_0\" class=\"input\" data-required_mark=\"required\" data-field_type=\"input\" data-original_id=\"name\" placeholder=\"Nom\" title=\"\" value=\"\" \/><\/div><div class=\"et_pb_contact_field_1 et_pb_contact_field et_pb_module et_flex_module et_flex_column_12_24 et_flex_column_12_24_tablet et_flex_column_12_24_phone\" data-id=\"email\" data-type=\"email\"><label class=\"et_pb_contact_form_label\" for=\"et_pb_contact_0_email_1\">Adresse e-mail<\/label><input type=\"text\" name=\"et_pb_contact_0_email_1\" id=\"et_pb_contact_0_email_1\" class=\"input\" data-required_mark=\"required\" data-field_type=\"email\" data-original_id=\"email\" placeholder=\"Adresse e-mail\" title=\"\" value=\"\" \/><\/div><div class=\"et_pb_contact_field_2 et_pb_contact_field et_pb_module et_flex_module et_flex_column_24_24 et_flex_column_24_24_tablet et_flex_column_24_24_phone\" data-id=\"message\" data-type=\"text\"><label class=\"et_pb_contact_form_label\" for=\"et_pb_contact_0_message_2\">Message<\/label><textarea name=\"et_pb_contact_0_message_2\" id=\"et_pb_contact_0_message_2\" class=\"et_pb_contact_message input\" data-required_mark=\"required\" data-field_type=\"text\" data-original_id=\"message\" placeholder=\"Message\"><\/textarea><\/div><input type=\"hidden\" name=\"et_pb_contactform_submit_f94a7033-6342-4b22-add4-98793c6f4fcd\" value=\"et_contact_proccess\" \/><div class=\"et_contact_bottom_container\"><div class=\"et_pb_contact_right et_pb_contact_field\"><p class=\"clearfix\"><span class=\"et_pb_contact_captcha_question\">11 + 10<\/span> = <input type=\"text\" size=\"2\" class=\"input et_pb_contact_captcha\" data-first_digit=\"11\" data-second_digit=\"10\" data-required_mark=\"required\" name=\"et_pb_contact_captcha_f94a7033-6342-4b22-add4-98793c6f4fcd\" autocomplete=\"off\" \/><\/p><\/div><div class=\"et_pb_button_wrapper\"><button type=\"submit\" name=\"et_builder_submit_button\" class=\"et_pb_button et_pb_contact_submit\">Submit<\/button><\/div><\/div><input type=\"hidden\" id=\"_wpnonce-et-pb-contact-form-submitted-f94a7033-6342-4b22-add4-98793c6f4fcd\" name=\"_wpnonce-et-pb-contact-form-submitted-f94a7033-6342-4b22-add4-98793c6f4fcd\" value=\"aa3438386e\" \/><input type=\"hidden\" name=\"_wp_http_referer\" value=\"\/fr\/wp-json\/wp\/v2\/pages\/36\" \/><input type=\"hidden\" name=\"trp-form-language\" value=\"fr\"\/><\/form><\/div><\/div><\/div><\/div><\/div><div class=\"et_pb_section_4 et_pb_section et_section_regular et_block_section\"><div class=\"et_pb_row_8 et_pb_row et_block_row\"><div class=\"et_pb_column_10 et_pb_column et_pb_column_4_4 et-last-child et_block_column et_pb_css_mix_blend_mode_passthrough\"><div class=\"et_pb_text_8 et_pb_text et_pb_bg_layout_light et_pb_module et_block_module\"><div class=\"et_pb_text_inner\"><p><span style=\"color: #ffffff;\">JEM International est un mouvement de chr\u00e9tiens d\u2019origines, de cultures et de traditions diverses, qui se consacre au service de J\u00e9sus dans le monde entier.<\/span><\/p>\n<p><span style=\"color: #ffffff;\">Visitez <a href=\"https:\/\/ywam.org\" title=\"ywam.org\">ywam.org<\/a> pour en savoir plus sur nous.<\/span><\/p>\n<\/div><\/div><\/div><\/div><\/div>","protected":false},"excerpt":{"rendered":"","protected":false},"author":0,"featured_media":0,"parent":0,"menu_order":0,"comment_status":"closed","ping_status":"closed","template":"","meta":{"iawp_total_views":2219,"footnotes":""},"class_list":["post-36","page","type-page","status-publish","hentry"],"_links":{"self":[{"href":"https:\/\/ywamgeneva.com\/fr\/wp-json\/wp\/v2\/pages\/36","targetHints":{"allow":["GET"]}}],"collection":[{"href":"https:\/\/ywamgeneva.com\/fr\/wp-json\/wp\/v2\/pages"}],"about":[{"href":"https:\/\/ywamgeneva.com\/fr\/wp-json\/wp\/v2\/types\/page"}],"replies":[{"embeddable":true,"href":"https:\/\/ywamgeneva.com\/fr\/wp-json\/wp\/v2\/comments?post=36"}],"version-history":[{"count":118,"href":"https:\/\/ywamgeneva.com\/fr\/wp-json\/wp\/v2\/pages\/36\/revisions"}],"predecessor-version":[{"id":29351,"href":"https:\/\/ywamgeneva.com\/fr\/wp-json\/wp\/v2\/pages\/36\/revisions\/29351"}],"wp:attachment":[{"href":"https:\/\/ywamgeneva.com\/fr\/wp-json\/wp\/v2\/media?parent=36"}],"curies":[{"name":"wp","href":"https:\/\/api.w.org\/{rel}","templated":true}]}}